{"id":90,"date":"2026-01-30T18:27:56","date_gmt":"2026-01-30T17:27:56","guid":{"rendered":"https:\/\/www.signaturesartfair.com\/home\/"},"modified":"2026-02-06T11:59:23","modified_gmt":"2026-02-06T10:59:23","slug":"home","status":"publish","type":"page","link":"https:\/\/www.signaturesartfair.com\/en\/","title":{"rendered":"Home"},"content":{"rendered":"\n<figure itemscope itemtype=\"https:\/\/schema.org\/ImageObject\">\n\t\t\t\t<img decoding=\"async\" src=\"https:\/\/www.signaturesartfair.com\/wp-content\/uploads\/2026\/02\/Logo-Signatures-mini-1.png\" alt=\"Logo-Signatures mini\" height=\"155\" width=\"250\" title=\"Logo-Signatures mini\" onerror=\"this.style.display='none'\" loading=\"lazy\" \/>\n\t<\/figure>\n<figure itemscope itemtype=\"https:\/\/schema.org\/ImageObject\">\n\t\t\t\t<img decoding=\"async\" src=\"https:\/\/www.signaturesartfair.com\/wp-content\/uploads\/2026\/02\/Le-Carreau-du-Temple-Fev-2014-\u00a9-Fernando-Javier-Urquijo-BD-scaled.jpg\" alt=\"Le Carreau du Temple Fev 2014 \u00a9 Fernando Javier Urquijo BD\" height=\"1164\" width=\"2560\" title=\"Le Carreau du Temple Fev 2014 \u00a9 Fernando Javier Urquijo BD\" onerror=\"this.style.display='none'\" loading=\"lazy\" \/>\n\t<\/figure>\n\t<p>Le Carreau du Temple \u00a9 Fernando Javier Urquijo<\/p>\n<h1>\n\t\t\tSignatures Art Fair, L&#8217;art moderne et contemporain en \u00e9dition limit\u00e9e\t<\/h1>\n\t<p>Nouveau rendez-vous de l&#8217;automne parisien, le salon se tiendra au Carreau du Temple, <b>du vendredi 13 au dimanche 15 novembre 2026, avec un vernissage le jeudi 12 novembre. <\/b><\/p>\n<p>Pens\u00e9 comme un temps sp\u00e9cifique au sein d&#8217;une semaine parisienne d\u00e9j\u00e0 tr\u00e8s dynamique autour de la photographie, SIGNATURES ART FAIR entend redonner \u00e0 l&#8217;\u00e9dition la visibilit\u00e9 qu&#8217;elle m\u00e9rite dans le paysage artistique contemporain. Le salon r\u00e9unit une quarantaine de galeries et d&#8217;\u00e9diteurs fran\u00e7ais et internationaux, engag\u00e9s dans la production, l&#8217;accompagnement et la diffusion d&#8217;\u0153uvres en \u00e9dition num\u00e9rot\u00e9e et limit\u00e9e.<\/p>\n<p>L&#8217;\u00e9dition est ici envisag\u00e9e comme une pratique pleinement ancr\u00e9e dans le travail des artistes : gravure, estampe, photographie, s\u00e9rigraphie, \u0153uvre imprim\u00e9e, objet \u00e9dit\u00e9 ou formes hybrides. Souvent centrales dans les d\u00e9marches artistiques, ces pratiques demeurent encore insuffisamment visibles dans les grands rendez-vous de l&#8217;art. SIGNATURES ART FAIR met en lumi\u00e8re le r\u00f4le compl\u00e9mentaire de l&#8217;artiste, de l&#8217;\u00e9diteur et de la galerie, dont le dialogue permet \u00e0 l&#8217;\u0153uvre multiple d&#8217;\u00eatre produite, accompagn\u00e9e, diffus\u00e9e et collectionn\u00e9e, tout en conservant son exigence artistique.<\/p>\n<p>\u00c0 travers une s\u00e9lection resserr\u00e9e, un parcours lisible et un accompagnement \u00e9ditorial affirm\u00e9, le salon s&#8217;adresse aussi bien aux collectionneurs qu&#8217;aux amateurs curieux. Un nouveau rendez-vous au c\u0153ur de Paris pour regarder autrement l&#8217;\u00e9dition et reconna\u00eetre pleinement sa place dans la cr\u00e9ation contemporaine.<\/p>\n<figure itemscope itemtype=\"https:\/\/schema.org\/ImageObject\">\n\t\t\t\t<img decoding=\"async\" src=\"https:\/\/www.signaturesartfair.com\/wp-content\/uploads\/2026\/01\/BrowserPreview_tmp.gif\" alt=\"BrowserPreview_tmp\" height=\"1240\" width=\"1240\" title=\"BrowserPreview_tmp\" onerror=\"this.style.display='none'\" loading=\"lazy\" \/>\n\t<\/figure>\n\t<b>CARREAU DU TEMPLE<br \/>\n<\/b>4, rue Eug\u00e8ne Spuller &#8211; 75003 Paris\n<strong>PREVIEW<br \/>\n<\/strong>Jeudi 12 novembre 2026<br \/>\nInvitations et pass VIP uniquement\n<strong>OUVERTURE PUBLIQUE<br \/>\n<\/strong>Vendredi 13 novembre 2026<br \/>\n11h &#8211; 20h\nSamedi 14 novembre 2026<br \/>\n11h &#8211; 20h\nDimanche 15 novembre 2026<br \/>\n11h &#8211; 19h\n\n","protected":false},"excerpt":{"rendered":"<p>Le Carreau du Temple \u00a9 Fernando Javier Urquijo Signatures Art Fair, L&#8217;art moderne et contemporain en \u00e9dition limit\u00e9e Nouveau rendez-vous de l&#8217;automne parisien, le salon se tiendra au Carreau du Temple, du vendredi 13 au dimanche 15 novembre 2026, avec un vernissage le jeudi 12 novembre. Pens\u00e9 comme un temps sp\u00e9cifique au sein d&#8217;une semaine &#8230; <a title=\"Home\" class=\"read-more\" href=\"https:\/\/www.signaturesartfair.com\/en\/\" aria-label=\"Read more about Home\">Read more<\/a><\/p>\n","protected":false},"author":3,"featured_media":0,"parent":0,"menu_order":0,"comment_status":"closed","ping_status":"closed","template":"","meta":{"_acf_changed":false,"footnotes":""},"class_list":["post-90","page","type-page","status-publish"],"acf":[],"yoast_head":"<!-- This site is optimized with the Yoast SEO plugin v27.0 - https:\/\/yoast.com\/product\/yoast-seo-wordpress\/ -->\n<title>Home - Signatures Art Fair<\/title>\n<meta name=\"robots\" content=\"index, follow, max-snippet:-1, max-image-preview:large, max-video-preview:-1\" \/>\n<link rel=\"canonical\" href=\"https:\/\/www.signaturesartfair.com\/en\/\" \/>\n<meta property=\"og:locale\" content=\"en_US\" \/>\n<meta property=\"og:type\" content=\"article\" \/>\n<meta property=\"og:title\" content=\"Home - Signatures Art Fair\" \/>\n<meta property=\"og:description\" content=\"Le Carreau du Temple \u00a9 Fernando Javier Urquijo Signatures Art Fair, L&#8217;art moderne et contemporain en \u00e9dition limit\u00e9e Nouveau rendez-vous de l&#8217;automne parisien, le salon se tiendra au Carreau du Temple, du vendredi 13 au dimanche 15 novembre 2026, avec un vernissage le jeudi 12 novembre. Pens\u00e9 comme un temps sp\u00e9cifique au sein d&#8217;une semaine ... Read more\" \/>\n<meta property=\"og:url\" content=\"https:\/\/www.signaturesartfair.com\/en\/\" \/>\n<meta property=\"og:site_name\" content=\"Signatures Art Fair\" \/>\n<meta property=\"article:modified_time\" content=\"2026-02-06T10:59:23+00:00\" \/>\n<meta property=\"og:image\" content=\"https:\/\/www.signaturesartfair.com\/wp-content\/uploads\/2026\/02\/Logo-Signatures-mini-1.png\" \/>\n<meta name=\"twitter:card\" content=\"summary_large_image\" \/>\n<meta name=\"twitter:label1\" content=\"Est. reading time\" \/>\n\t<meta name=\"twitter:data1\" content=\"1 minute\" \/>\n<script type=\"application\/ld+json\" class=\"yoast-schema-graph\">{\"@context\":\"https:\/\/schema.org\",\"@graph\":[{\"@type\":\"WebPage\",\"@id\":\"https:\/\/www.signaturesartfair.com\/en\/\",\"url\":\"https:\/\/www.signaturesartfair.com\/en\/\",\"name\":\"Home - Signatures Art Fair\",\"isPartOf\":{\"@id\":\"https:\/\/www.signaturesartfair.com\/en\/#website\"},\"primaryImageOfPage\":{\"@id\":\"https:\/\/www.signaturesartfair.com\/en\/#primaryimage\"},\"image\":{\"@id\":\"https:\/\/www.signaturesartfair.com\/en\/#primaryimage\"},\"thumbnailUrl\":\"https:\/\/www.signaturesartfair.com\/wp-content\/uploads\/2026\/02\/Logo-Signatures-mini-1.png\",\"datePublished\":\"2026-01-30T17:27:56+00:00\",\"dateModified\":\"2026-02-06T10:59:23+00:00\",\"breadcrumb\":{\"@id\":\"https:\/\/www.signaturesartfair.com\/en\/#breadcrumb\"},\"inLanguage\":\"en-US\",\"potentialAction\":[{\"@type\":\"ReadAction\",\"target\":[\"https:\/\/www.signaturesartfair.com\/en\/\"]}]},{\"@type\":\"ImageObject\",\"inLanguage\":\"en-US\",\"@id\":\"https:\/\/www.signaturesartfair.com\/en\/#primaryimage\",\"url\":\"https:\/\/www.signaturesartfair.com\/wp-content\/uploads\/2026\/02\/Logo-Signatures-mini-1.png\",\"contentUrl\":\"https:\/\/www.signaturesartfair.com\/wp-content\/uploads\/2026\/02\/Logo-Signatures-mini-1.png\"},{\"@type\":\"BreadcrumbList\",\"@id\":\"https:\/\/www.signaturesartfair.com\/en\/#breadcrumb\",\"itemListElement\":[{\"@type\":\"ListItem\",\"position\":1,\"name\":\"Accueil\",\"item\":\"https:\/\/www.signaturesartfair.com\/en\/home\/\"},{\"@type\":\"ListItem\",\"position\":2,\"name\":\"Home\"}]},{\"@type\":\"WebSite\",\"@id\":\"https:\/\/www.signaturesartfair.com\/en\/#website\",\"url\":\"https:\/\/www.signaturesartfair.com\/en\/\",\"name\":\"Signatures Art Fair\",\"description\":\"L\u2019art moderne et contemporain en \u00e9dition limit\u00e9e\",\"publisher\":{\"@id\":\"https:\/\/www.signaturesartfair.com\/en\/#organization\"},\"potentialAction\":[{\"@type\":\"SearchAction\",\"target\":{\"@type\":\"EntryPoint\",\"urlTemplate\":\"https:\/\/www.signaturesartfair.com\/en\/?s={search_term_string}\"},\"query-input\":{\"@type\":\"PropertyValueSpecification\",\"valueRequired\":true,\"valueName\":\"search_term_string\"}}],\"inLanguage\":\"en-US\"},{\"@type\":\"Organization\",\"@id\":\"https:\/\/www.signaturesartfair.com\/en\/#organization\",\"name\":\"Signatures Art Fair\",\"url\":\"https:\/\/www.signaturesartfair.com\/en\/\",\"logo\":{\"@type\":\"ImageObject\",\"inLanguage\":\"en-US\",\"@id\":\"https:\/\/www.signaturesartfair.com\/en\/#\/schema\/logo\/image\/\",\"url\":\"https:\/\/www.signaturesartfair.com\/wp-content\/uploads\/2026\/01\/cropped-cropped-Logo-Signatures-scaled-1.png\",\"contentUrl\":\"https:\/\/www.signaturesartfair.com\/wp-content\/uploads\/2026\/01\/cropped-cropped-Logo-Signatures-scaled-1.png\",\"width\":2556,\"height\":1589,\"caption\":\"Signatures Art Fair\"},\"image\":{\"@id\":\"https:\/\/www.signaturesartfair.com\/en\/#\/schema\/logo\/image\/\"}}]}<\/script>\n<!-- \/ Yoast SEO plugin. -->","yoast_head_json":{"title":"Home - Signatures Art Fair","robots":{"index":"index","follow":"follow","max-snippet":"max-snippet:-1","max-image-preview":"max-image-preview:large","max-video-preview":"max-video-preview:-1"},"canonical":"https:\/\/www.signaturesartfair.com\/en\/","og_locale":"en_US","og_type":"article","og_title":"Home - Signatures Art Fair","og_description":"Le Carreau du Temple \u00a9 Fernando Javier Urquijo Signatures Art Fair, L&#8217;art moderne et contemporain en \u00e9dition limit\u00e9e Nouveau rendez-vous de l&#8217;automne parisien, le salon se tiendra au Carreau du Temple, du vendredi 13 au dimanche 15 novembre 2026, avec un vernissage le jeudi 12 novembre. Pens\u00e9 comme un temps sp\u00e9cifique au sein d&#8217;une semaine ... Read more","og_url":"https:\/\/www.signaturesartfair.com\/en\/","og_site_name":"Signatures Art Fair","article_modified_time":"2026-02-06T10:59:23+00:00","og_image":[{"url":"https:\/\/www.signaturesartfair.com\/wp-content\/uploads\/2026\/02\/Logo-Signatures-mini-1.png","type":"","width":"","height":""}],"twitter_card":"summary_large_image","twitter_misc":{"Est. reading time":"1 minute"},"schema":{"@context":"https:\/\/schema.org","@graph":[{"@type":"WebPage","@id":"https:\/\/www.signaturesartfair.com\/en\/","url":"https:\/\/www.signaturesartfair.com\/en\/","name":"Home - Signatures Art Fair","isPartOf":{"@id":"https:\/\/www.signaturesartfair.com\/en\/#website"},"primaryImageOfPage":{"@id":"https:\/\/www.signaturesartfair.com\/en\/#primaryimage"},"image":{"@id":"https:\/\/www.signaturesartfair.com\/en\/#primaryimage"},"thumbnailUrl":"https:\/\/www.signaturesartfair.com\/wp-content\/uploads\/2026\/02\/Logo-Signatures-mini-1.png","datePublished":"2026-01-30T17:27:56+00:00","dateModified":"2026-02-06T10:59:23+00:00","breadcrumb":{"@id":"https:\/\/www.signaturesartfair.com\/en\/#breadcrumb"},"inLanguage":"en-US","potentialAction":[{"@type":"ReadAction","target":["https:\/\/www.signaturesartfair.com\/en\/"]}]},{"@type":"ImageObject","inLanguage":"en-US","@id":"https:\/\/www.signaturesartfair.com\/en\/#primaryimage","url":"https:\/\/www.signaturesartfair.com\/wp-content\/uploads\/2026\/02\/Logo-Signatures-mini-1.png","contentUrl":"https:\/\/www.signaturesartfair.com\/wp-content\/uploads\/2026\/02\/Logo-Signatures-mini-1.png"},{"@type":"BreadcrumbList","@id":"https:\/\/www.signaturesartfair.com\/en\/#breadcrumb","itemListElement":[{"@type":"ListItem","position":1,"name":"Accueil","item":"https:\/\/www.signaturesartfair.com\/en\/home\/"},{"@type":"ListItem","position":2,"name":"Home"}]},{"@type":"WebSite","@id":"https:\/\/www.signaturesartfair.com\/en\/#website","url":"https:\/\/www.signaturesartfair.com\/en\/","name":"Signatures Art Fair","description":"L\u2019art moderne et contemporain en \u00e9dition limit\u00e9e","publisher":{"@id":"https:\/\/www.signaturesartfair.com\/en\/#organization"},"potentialAction":[{"@type":"SearchAction","target":{"@type":"EntryPoint","urlTemplate":"https:\/\/www.signaturesartfair.com\/en\/?s={search_term_string}"},"query-input":{"@type":"PropertyValueSpecification","valueRequired":true,"valueName":"search_term_string"}}],"inLanguage":"en-US"},{"@type":"Organization","@id":"https:\/\/www.signaturesartfair.com\/en\/#organization","name":"Signatures Art Fair","url":"https:\/\/www.signaturesartfair.com\/en\/","logo":{"@type":"ImageObject","inLanguage":"en-US","@id":"https:\/\/www.signaturesartfair.com\/en\/#\/schema\/logo\/image\/","url":"https:\/\/www.signaturesartfair.com\/wp-content\/uploads\/2026\/01\/cropped-cropped-Logo-Signatures-scaled-1.png","contentUrl":"https:\/\/www.signaturesartfair.com\/wp-content\/uploads\/2026\/01\/cropped-cropped-Logo-Signatures-scaled-1.png","width":2556,"height":1589,"caption":"Signatures Art Fair"},"image":{"@id":"https:\/\/www.signaturesartfair.com\/en\/#\/schema\/logo\/image\/"}}]}},"_links":{"self":[{"href":"https:\/\/www.signaturesartfair.com\/en\/wp-json\/wp\/v2\/pages\/90","targetHints":{"allow":["GET"]}}],"collection":[{"href":"https:\/\/www.signaturesartfair.com\/en\/wp-json\/wp\/v2\/pages"}],"about":[{"href":"https:\/\/www.signaturesartfair.com\/en\/wp-json\/wp\/v2\/types\/page"}],"author":[{"embeddable":true,"href":"https:\/\/www.signaturesartfair.com\/en\/wp-json\/wp\/v2\/users\/3"}],"replies":[{"embeddable":true,"href":"https:\/\/www.signaturesartfair.com\/en\/wp-json\/wp\/v2\/comments?post=90"}],"version-history":[{"count":2,"href":"https:\/\/www.signaturesartfair.com\/en\/wp-json\/wp\/v2\/pages\/90\/revisions"}],"predecessor-version":[{"id":104,"href":"https:\/\/www.signaturesartfair.com\/en\/wp-json\/wp\/v2\/pages\/90\/revisions\/104"}],"wp:attachment":[{"href":"https:\/\/www.signaturesartfair.com\/en\/wp-json\/wp\/v2\/media?parent=90"}],"curies":[{"name":"wp","href":"https:\/\/api.w.org\/{rel}","templated":true}]}}