{"id":33203,"date":"2026-02-05T15:14:44","date_gmt":"2026-02-05T14:14:44","guid":{"rendered":"https:\/\/www.signaturesartfair.com\/becoming-an-exhibitor\/"},"modified":"2026-02-28T22:57:58","modified_gmt":"2026-02-28T21:57:58","slug":"becoming-an-exhibitor","status":"publish","type":"page","link":"https:\/\/www.signaturesartfair.com\/en\/becoming-an-exhibitor\/","title":{"rendered":"BECOMING AN EXHIBITOR"},"content":{"rendered":"\n\n\t<h1>Les candidatures sont ouvertes<br \/>\njusqu&#8217;au 7 mai 2026<\/h1>\n\t\t\t\t\t<h2 id=\"fl-accordion--label-0\">Qui peut d\u00e9poser une candidature ?<\/h2>\n\t\t\t\t\t\t\t\t\t\t\t<button type=\"button\" id=\"fl-accordion--icon-0\" aria-expanded=\"false\" aria-controls=\"fl-accordion--panel-0\"><i>D\u00e9plier<\/i><\/button>\n\t\t\t\t\t<p>Sont autoris\u00e9s \u00e0 candidater :<\/p>\n<ul>\n<li>Les galeries nomades ou en ligne justifiant d&#8217;au moins 3 expositions par an ;<\/li>\n<li>Les galeries physiques ;<\/li>\n<li>Les \u00e9diteurs ;<\/li>\n<li>Les institutions.<\/li>\n<\/ul>\n\t\t\t\t\t<h2 id=\"fl-accordion--label-1\">Quels sont les multiples autoris\u00e9s ? <\/h2>\n\t\t\t\t\t\t\t\t\t\t\t<button type=\"button\" id=\"fl-accordion--icon-1\" aria-expanded=\"false\" aria-controls=\"fl-accordion--panel-1\"><i>D\u00e9plier<\/i><\/button>\n\t\t\t\t\t<ul>\n<li>Papier (Lithographie, Gravure, S\u00e9rigraphie, Monotype, Photographie)<\/li>\n<li>Livre &amp; \u00e9dition papier<\/li>\n<li>Sculpture &amp; volume<\/li>\n<li>Bijoux d&#8217;artistes<\/li>\n<li>Objets\/design<\/li>\n<li>Num\u00e9rique &amp; immat\u00e9riel (NFT, Vid\u00e9o)<\/li>\n<\/ul>\n<p>Les multiples admis entre 1945 \u00e0 nos jours.<\/p>\n<p>Les multiples doivent avoir \u00e9t\u00e9 con\u00e7us et \u00e9dit\u00e9s selon les usages professionnels en vigueur, notamment en mati\u00e8re de tirage, de num\u00e9rotation, de signature et d&#8217;identification des exemplaires.\u00a0<\/p>\n<p>Charte qualit\u00e9 \/ Conditions li\u00e9es aux \u0153uvres pr\u00e9sent\u00e9es dans les informations techniques.<\/p>\n\t\t\t\t\t<h2 id=\"fl-accordion--label-2\">Quand seront annonc\u00e9s les exposants ? <\/h2>\n\t\t\t\t\t\t\t\t\t\t\t<button type=\"button\" id=\"fl-accordion--icon-2\" aria-expanded=\"false\" aria-controls=\"fl-accordion--panel-2\"><i>D\u00e9plier<\/i><\/button>\n\t\t\t\t\t<p>Les galeries sont s\u00e9lectionn\u00e9es par un comit\u00e9 compos\u00e9 de personnalit\u00e9s du monde de l&#8217;art.<\/p>\n<p>Les r\u00e9sultats seront transmis courant juin 2026.<\/p>\n\t\t\t<a href=\"https:\/\/www.signaturesartfair.com\/demande-participation\/\"  target=\"_blank\" rel=\"noopener\"    rel=\"noopener\">\n\t\t\t\t\t\t\tD\u00c9POSER MA CANDIDATURE\n\t\t\t\t\t<\/a>\n\t\t\t<a href=\"https:\/\/www.signaturesartfair.com\/wp-content\/uploads\/2026\/02\/SAF26_Informations_candidature_FR_ENG.pdf\"  target=\"_blank\" rel=\"noopener\"    rel=\"noopener\">\n\t\t\t\t\t\t\tLES INFORMATIONS TECHNIQUES\n\t\t\t\t\t<\/a>\n\t<strong>Signatures Art Fair<\/strong><br \/>\nL&#8217;art moderne et contemporain en \u00e9dition limit\u00e9e\n<strong>1ere \u00e9dition<\/strong><br \/>\nDates : du jeudi 12 au dimanche 15 novembre 2026<br \/>\nLieu : Carreau du Temple \u00e0 Paris 3e<br \/>\nExposants : Plus de 40 galeries internationales\n<p><strong>Pour toute question merci de contacter :<\/strong><\/p>\n<strong>Carine Tissot, <\/strong>directrice g\u00e9n\u00e9rale<br \/>\n<a href=\"mailto:carine.tissot@drawingsociety.org\">carine.tissot@drawingsociety.org<\/a>\n<strong>Mathias Coullaud, <\/strong>directeur du d\u00e9veloppement<br \/>\n<a href=\"mailto:mathias.coullaud@drawingsociety.org\">mathias.coullaud@drawingsociety.org<\/a>\n<strong>Sophie Guignard, <\/strong>cheffe de projets salons<br \/>\n<a href=\"mailto:sophie.guignard@drawingsociety.org\">sophie.guignard@drawingsociety.org<\/a>\n\n","protected":false},"excerpt":{"rendered":"<p>Les candidatures sont ouvertes jusqu&#8217;au 7 mai 2026 Qui peut d\u00e9poser une candidature ? D\u00e9plier Sont autoris\u00e9s \u00e0 candidater : Les galeries nomades ou en ligne justifiant d&#8217;au moins 3 expositions par an ; Les galeries physiques ; Les \u00e9diteurs ; Les institutions. Quels sont les multiples autoris\u00e9s ? D\u00e9plier Papier (Lithographie, Gravure, S\u00e9rigraphie, Monotype, &#8230; <a title=\"BECOMING AN EXHIBITOR\" class=\"read-more\" href=\"https:\/\/www.signaturesartfair.com\/en\/becoming-an-exhibitor\/\" aria-label=\"Read more about BECOMING AN EXHIBITOR\">Read more<\/a><\/p>\n","protected":false},"author":4,"featured_media":0,"parent":0,"menu_order":0,"comment_status":"closed","ping_status":"closed","template":"","meta":{"_acf_changed":false,"footnotes":""},"class_list":["post-33203","page","type-page","status-publish"],"acf":[],"yoast_head":"<!-- This site is optimized with the Yoast SEO plugin v27.0 - https:\/\/yoast.com\/product\/yoast-seo-wordpress\/ -->\n<title>BECOMING AN EXHIBITOR - Signatures Art Fair<\/title>\n<meta name=\"robots\" content=\"index, follow, max-snippet:-1, max-image-preview:large, max-video-preview:-1\" \/>\n<link rel=\"canonical\" href=\"https:\/\/www.signaturesartfair.com\/en\/becoming-an-exhibitor\/\" \/>\n<meta property=\"og:locale\" content=\"en_US\" \/>\n<meta property=\"og:type\" content=\"article\" \/>\n<meta property=\"og:title\" content=\"BECOMING AN EXHIBITOR - Signatures Art Fair\" \/>\n<meta property=\"og:description\" content=\"Les candidatures sont ouvertes jusqu&#8217;au 7 mai 2026 Qui peut d\u00e9poser une candidature ? D\u00e9plier Sont autoris\u00e9s \u00e0 candidater : Les galeries nomades ou en ligne justifiant d&#8217;au moins 3 expositions par an ; Les galeries physiques ; Les \u00e9diteurs ; Les institutions. Quels sont les multiples autoris\u00e9s ? D\u00e9plier Papier (Lithographie, Gravure, S\u00e9rigraphie, Monotype, ... Read more\" \/>\n<meta property=\"og:url\" content=\"https:\/\/www.signaturesartfair.com\/en\/becoming-an-exhibitor\/\" \/>\n<meta property=\"og:site_name\" content=\"Signatures Art Fair\" \/>\n<meta property=\"article:modified_time\" content=\"2026-02-28T21:57:58+00:00\" \/>\n<meta name=\"twitter:card\" content=\"summary_large_image\" \/>\n<meta name=\"twitter:label1\" content=\"Est. reading time\" \/>\n\t<meta name=\"twitter:data1\" content=\"1 minute\" \/>\n<script type=\"application\/ld+json\" class=\"yoast-schema-graph\">{\"@context\":\"https:\/\/schema.org\",\"@graph\":[{\"@type\":\"WebPage\",\"@id\":\"https:\/\/www.signaturesartfair.com\/en\/becoming-an-exhibitor\/\",\"url\":\"https:\/\/www.signaturesartfair.com\/en\/becoming-an-exhibitor\/\",\"name\":\"BECOMING AN EXHIBITOR - Signatures Art Fair\",\"isPartOf\":{\"@id\":\"https:\/\/www.signaturesartfair.com\/en\/#website\"},\"datePublished\":\"2026-02-05T14:14:44+00:00\",\"dateModified\":\"2026-02-28T21:57:58+00:00\",\"breadcrumb\":{\"@id\":\"https:\/\/www.signaturesartfair.com\/en\/becoming-an-exhibitor\/#breadcrumb\"},\"inLanguage\":\"en-US\",\"potentialAction\":[{\"@type\":\"ReadAction\",\"target\":[\"https:\/\/www.signaturesartfair.com\/en\/becoming-an-exhibitor\/\"]}]},{\"@type\":\"BreadcrumbList\",\"@id\":\"https:\/\/www.signaturesartfair.com\/en\/becoming-an-exhibitor\/#breadcrumb\",\"itemListElement\":[{\"@type\":\"ListItem\",\"position\":1,\"name\":\"Accueil\",\"item\":\"https:\/\/www.signaturesartfair.com\/en\/home\/\"},{\"@type\":\"ListItem\",\"position\":2,\"name\":\"BECOMING AN EXHIBITOR\"}]},{\"@type\":\"WebSite\",\"@id\":\"https:\/\/www.signaturesartfair.com\/en\/#website\",\"url\":\"https:\/\/www.signaturesartfair.com\/en\/\",\"name\":\"Signatures Art Fair\",\"description\":\"L\u2019art moderne et contemporain en \u00e9dition limit\u00e9e\",\"publisher\":{\"@id\":\"https:\/\/www.signaturesartfair.com\/en\/#organization\"},\"potentialAction\":[{\"@type\":\"SearchAction\",\"target\":{\"@type\":\"EntryPoint\",\"urlTemplate\":\"https:\/\/www.signaturesartfair.com\/en\/?s={search_term_string}\"},\"query-input\":{\"@type\":\"PropertyValueSpecification\",\"valueRequired\":true,\"valueName\":\"search_term_string\"}}],\"inLanguage\":\"en-US\"},{\"@type\":\"Organization\",\"@id\":\"https:\/\/www.signaturesartfair.com\/en\/#organization\",\"name\":\"Signatures Art Fair\",\"url\":\"https:\/\/www.signaturesartfair.com\/en\/\",\"logo\":{\"@type\":\"ImageObject\",\"inLanguage\":\"en-US\",\"@id\":\"https:\/\/www.signaturesartfair.com\/en\/#\/schema\/logo\/image\/\",\"url\":\"https:\/\/www.signaturesartfair.com\/wp-content\/uploads\/2026\/01\/cropped-cropped-Logo-Signatures-scaled-1.png\",\"contentUrl\":\"https:\/\/www.signaturesartfair.com\/wp-content\/uploads\/2026\/01\/cropped-cropped-Logo-Signatures-scaled-1.png\",\"width\":2556,\"height\":1589,\"caption\":\"Signatures Art Fair\"},\"image\":{\"@id\":\"https:\/\/www.signaturesartfair.com\/en\/#\/schema\/logo\/image\/\"}}]}<\/script>\n<!-- \/ Yoast SEO plugin. -->","yoast_head_json":{"title":"BECOMING AN EXHIBITOR - Signatures Art Fair","robots":{"index":"index","follow":"follow","max-snippet":"max-snippet:-1","max-image-preview":"max-image-preview:large","max-video-preview":"max-video-preview:-1"},"canonical":"https:\/\/www.signaturesartfair.com\/en\/becoming-an-exhibitor\/","og_locale":"en_US","og_type":"article","og_title":"BECOMING AN EXHIBITOR - Signatures Art Fair","og_description":"Les candidatures sont ouvertes jusqu&#8217;au 7 mai 2026 Qui peut d\u00e9poser une candidature ? D\u00e9plier Sont autoris\u00e9s \u00e0 candidater : Les galeries nomades ou en ligne justifiant d&#8217;au moins 3 expositions par an ; Les galeries physiques ; Les \u00e9diteurs ; Les institutions. Quels sont les multiples autoris\u00e9s ? D\u00e9plier Papier (Lithographie, Gravure, S\u00e9rigraphie, Monotype, ... Read more","og_url":"https:\/\/www.signaturesartfair.com\/en\/becoming-an-exhibitor\/","og_site_name":"Signatures Art Fair","article_modified_time":"2026-02-28T21:57:58+00:00","twitter_card":"summary_large_image","twitter_misc":{"Est. reading time":"1 minute"},"schema":{"@context":"https:\/\/schema.org","@graph":[{"@type":"WebPage","@id":"https:\/\/www.signaturesartfair.com\/en\/becoming-an-exhibitor\/","url":"https:\/\/www.signaturesartfair.com\/en\/becoming-an-exhibitor\/","name":"BECOMING AN EXHIBITOR - Signatures Art Fair","isPartOf":{"@id":"https:\/\/www.signaturesartfair.com\/en\/#website"},"datePublished":"2026-02-05T14:14:44+00:00","dateModified":"2026-02-28T21:57:58+00:00","breadcrumb":{"@id":"https:\/\/www.signaturesartfair.com\/en\/becoming-an-exhibitor\/#breadcrumb"},"inLanguage":"en-US","potentialAction":[{"@type":"ReadAction","target":["https:\/\/www.signaturesartfair.com\/en\/becoming-an-exhibitor\/"]}]},{"@type":"BreadcrumbList","@id":"https:\/\/www.signaturesartfair.com\/en\/becoming-an-exhibitor\/#breadcrumb","itemListElement":[{"@type":"ListItem","position":1,"name":"Accueil","item":"https:\/\/www.signaturesartfair.com\/en\/home\/"},{"@type":"ListItem","position":2,"name":"BECOMING AN EXHIBITOR"}]},{"@type":"WebSite","@id":"https:\/\/www.signaturesartfair.com\/en\/#website","url":"https:\/\/www.signaturesartfair.com\/en\/","name":"Signatures Art Fair","description":"L\u2019art moderne et contemporain en \u00e9dition limit\u00e9e","publisher":{"@id":"https:\/\/www.signaturesartfair.com\/en\/#organization"},"potentialAction":[{"@type":"SearchAction","target":{"@type":"EntryPoint","urlTemplate":"https:\/\/www.signaturesartfair.com\/en\/?s={search_term_string}"},"query-input":{"@type":"PropertyValueSpecification","valueRequired":true,"valueName":"search_term_string"}}],"inLanguage":"en-US"},{"@type":"Organization","@id":"https:\/\/www.signaturesartfair.com\/en\/#organization","name":"Signatures Art Fair","url":"https:\/\/www.signaturesartfair.com\/en\/","logo":{"@type":"ImageObject","inLanguage":"en-US","@id":"https:\/\/www.signaturesartfair.com\/en\/#\/schema\/logo\/image\/","url":"https:\/\/www.signaturesartfair.com\/wp-content\/uploads\/2026\/01\/cropped-cropped-Logo-Signatures-scaled-1.png","contentUrl":"https:\/\/www.signaturesartfair.com\/wp-content\/uploads\/2026\/01\/cropped-cropped-Logo-Signatures-scaled-1.png","width":2556,"height":1589,"caption":"Signatures Art Fair"},"image":{"@id":"https:\/\/www.signaturesartfair.com\/en\/#\/schema\/logo\/image\/"}}]}},"_links":{"self":[{"href":"https:\/\/www.signaturesartfair.com\/en\/wp-json\/wp\/v2\/pages\/33203","targetHints":{"allow":["GET"]}}],"collection":[{"href":"https:\/\/www.signaturesartfair.com\/en\/wp-json\/wp\/v2\/pages"}],"about":[{"href":"https:\/\/www.signaturesartfair.com\/en\/wp-json\/wp\/v2\/types\/page"}],"author":[{"embeddable":true,"href":"https:\/\/www.signaturesartfair.com\/en\/wp-json\/wp\/v2\/users\/4"}],"replies":[{"embeddable":true,"href":"https:\/\/www.signaturesartfair.com\/en\/wp-json\/wp\/v2\/comments?post=33203"}],"version-history":[{"count":1,"href":"https:\/\/www.signaturesartfair.com\/en\/wp-json\/wp\/v2\/pages\/33203\/revisions"}],"predecessor-version":[{"id":33246,"href":"https:\/\/www.signaturesartfair.com\/en\/wp-json\/wp\/v2\/pages\/33203\/revisions\/33246"}],"wp:attachment":[{"href":"https:\/\/www.signaturesartfair.com\/en\/wp-json\/wp\/v2\/media?parent=33203"}],"curies":[{"name":"wp","href":"https:\/\/api.w.org\/{rel}","templated":true}]}}